{"id":7908,"date":"2025-09-12T11:14:56","date_gmt":"2025-09-12T09:14:56","guid":{"rendered":"https:\/\/barcelone.centre-pensees.com\/?page_id=7908"},"modified":"2025-09-12T11:30:48","modified_gmt":"2025-09-12T09:30:48","slug":"parenting-support-and-guidance-in-barcelona","status":"publish","type":"page","link":"https:\/\/barcelone.centre-pensees.com\/en\/soutien-a-la-parentalite-guidance-parentale-a-barcelone\/","title":{"rendered":"Parenting support \u2013 Parenting guidance in Barcelona"},"content":{"rendered":"<p>[et_pb_section fb_built=\u00a0\u00bb1&Prime; custom_padding_last_edited=\u00a0\u00bbon|phone\u00a0\u00bb admin_label=\u00a0\u00bbHeader\u00a0\u00bb _builder_version=\u00a0\u00bb4.17.1&Prime; use_background_color_gradient=\u00a0\u00bbon\u00a0\u00bb background_color_gradient_direction=\u00a0\u00bb200deg\u00a0\u00bb background_color_gradient_stops=\u00a0\u00bbrgba(0,0,0,0) 66%|rgba(22,29,67,0.3) 100%\u00a0\u00bb background_color_gradient_overlays_image=\u00a0\u00bbon\u00a0\u00bb background_color_gradient_start=\u00a0\u00bbrgba(0,0,0,0)\u00a0\u00bb background_color_gradient_start_position=\u00a0\u00bb62%\u00a0\u00bb background_color_gradient_end=\u00a0\u00bbrgba(22,29,67,0.3)\u00a0\u00bb background_image=\u00a0\u00bbhttps:\/\/barcelone.centre-pensees.com\/wp-content\/uploads\/2022\/06\/1.jpg\u00a0\u00bb custom_padding=\u00a0\u00bb9vw|10vw|0vw|0px|false|false\u00a0\u00bb custom_padding_tablet=\u00a0\u00bb\u00a0\u00bb custom_padding_phone=\u00a0\u00bb|10vw||\u00a0\u00bb animation_style=\u00a0\u00bbfade\u00a0\u00bb animation_starting_opacity=\u00a0\u00bb5%\u00a0\u00bb animation_speed_curve=\u00a0\u00bbease-out\u00a0\u00bb custom_css_main_element=\u00a0\u00bbbackground-attachment: fixed;||background-position: 50% 100%;\u00a0\u00bb border_radii=\u00a0\u00bb||||16vw\u00a0\u00bb locked=\u00a0\u00bboff\u00a0\u00bb global_colors_info=\u00a0\u00bb{}\u00a0\u00bb theme_builder_area=\u00a0\u00bbpost_content\u00a0\u00bb][et_pb_row column_structure=\u00a0\u00bb3_4,1_4&Prime; use_custom_gutter=\u00a0\u00bbon\u00a0\u00bb gutter_width=\u00a0\u00bb1&Prime; make_equal=\u00a0\u00bbon\u00a0\u00bb custom_padding_last_edited=\u00a0\u00bbon|desktop\u00a0\u00bb padding_top_bottom_link_1=\u00a0\u00bbtrue\u00a0\u00bb padding_top_bottom_link_2=\u00a0\u00bbtrue\u00a0\u00bb padding_left_right_link_1=\u00a0\u00bbfalse\u00a0\u00bb _builder_version=\u00a0\u00bb4.16&Prime; use_background_color_gradient=\u00a0\u00bbon\u00a0\u00bb background_color_gradient_direction=\u00a0\u00bb90deg\u00a0\u00bb background_color_gradient_stops=\u00a0\u00bbrgba(255,255,255,0.4) 70%|rgba(255,255,255,0.88) 100%\u00a0\u00bb background_color_gradient_start=\u00a0\u00bbrgba(255,255,255,0.4)\u00a0\u00bb background_color_gradient_start_position=\u00a0\u00bb70%\u00a0\u00bb background_color_gradient_end=\u00a0\u00bbrgba(255,255,255,0.88)\u00a0\u00bb width=\u00a0\u00bb100%\u00a0\u00bb max_width=\u00a0\u00bb100%\u00a0\u00bb module_alignment=\u00a0\u00bbleft\u00a0\u00bb custom_margin_tablet=\u00a0\u00bb0vw|||\u00a0\u00bb custom_margin_last_edited=\u00a0\u00bboff|desktop\u00a0\u00bb custom_padding=\u00a0\u00bb0px||0px||false|false\u00a0\u00bb custom_padding_tablet=\u00a0\u00bb|||0vw\u00a0\u00bb custom_padding_phone=\u00a0\u00bb\u00a0\u00bb animation_style=\u00a0\u00bbslide\u00a0\u00bb animation_direction=\u00a0\u00bbleft\u00a0\u00bb animation_intensity_slide=\u00a0\u00bb5%\u00a0\u00bb border_radii=\u00a0\u00bb||10vw||\u00a0\u00bb use_custom_width=\u00a0\u00bbon\u00a0\u00bb width_unit=\u00a0\u00bboff\u00a0\u00bb custom_width_percent=\u00a0\u00bb100%\u00a0\u00bb locked=\u00a0\u00bboff\u00a0\u00bb global_colors_info=\u00a0\u00bb{}\u00a0\u00bb theme_builder_area=\u00a0\u00bbpost_content\u00a0\u00bb][et_pb_column type=\u00a0\u00bb3_4&Prime; _builder_version=\u00a0\u00bb4.16&Prime; custom_padding=\u00a0\u00bb80px|40px|80px|10vw\u00a0\u00bb custom_padding_tablet=\u00a0\u00bb40px||20px||false\u00a0\u00bb custom_padding_phone=\u00a0\u00bb|||\u00a0\u00bb custom_padding_last_edited=\u00a0\u00bbon|phone\u00a0\u00bb global_colors_info=\u00a0\u00bb{}\u00a0\u00bb padding_phone=\u00a0\u00bb|||\u00a0\u00bb padding_tablet=\u00a0\u00bb40px||20px||false\u00a0\u00bb padding_last_edited=\u00a0\u00bbon|phone\u00a0\u00bb custom_padding__hover=\u00a0\u00bb|||\u00a0\u00bb theme_builder_area=\u00a0\u00bbpost_content\u00a0\u00bb][et_pb_text _builder_version=\u00a0\u00bb4.17.1&Prime; text_font=\u00a0\u00bb||||||||\u00a0\u00bb text_text_color=\u00a0\u00bb#000000&Prime; header_font=\u00a0\u00bbPrata||||||||\u00a0\u00bb header_text_color=\u00a0\u00bb#000000&Prime; header_font_size=\u00a0\u00bb100px\u00a0\u00bb header_line_height=\u00a0\u00bb1.4em\u00a0\u00bb header_6_font=\u00a0\u00bbOpen Sans|700||on|||||\u00a0\u00bb header_6_letter_spacing=\u00a0\u00bb5px\u00a0\u00bb header_6_line_height=\u00a0\u00bb1.6em\u00a0\u00bb background_layout=\u00a0\u00bbdark\u00a0\u00bb max_width_tablet=\u00a0\u00bb90%\u00a0\u00bb max_width_phone=\u00a0\u00bb\u00a0\u00bb max_width_last_edited=\u00a0\u00bbon|desktop\u00a0\u00bb module_alignment=\u00a0\u00bbright\u00a0\u00bb animation_style=\u00a0\u00bbzoom\u00a0\u00bb animation_intensity_zoom=\u00a0\u00bb5%\u00a0\u00bb header_font_size_tablet=\u00a0\u00bb48px\u00a0\u00bb header_font_size_phone=\u00a0\u00bb32px\u00a0\u00bb header_font_size_last_edited=\u00a0\u00bbon|phone\u00a0\u00bb header_6_font_size_tablet=\u00a0\u00bb\u00a0\u00bb header_6_font_size_phone=\u00a0\u00bb\u00a0\u00bb header_6_font_size_last_edited=\u00a0\u00bbon|desktop\u00a0\u00bb text_text_shadow_style=\u00a0\u00bbpreset3&Prime; text_text_shadow_blur_strength=\u00a0\u00bb3em\u00a0\u00bb text_text_shadow_color=\u00a0\u00bbrgba(22,29,67,0.24)\u00a0\u00bb locked=\u00a0\u00bboff\u00a0\u00bb global_colors_info=\u00a0\u00bb{}\u00a0\u00bb header_5_font_size__hover=\u00a0\u00bb16px\u00a0\u00bb header_5_font_size__hover_enabled=\u00a0\u00bb16px\u00a0\u00bb header_5_letter_spacing__hover=\u00a0\u00bb0px\u00a0\u00bb header_5_letter_spacing__hover_enabled=\u00a0\u00bb0px\u00a0\u00bb header_5_line_height__hover=\u00a0\u00bb1em\u00a0\u00bb header_5_line_height__hover_enabled=\u00a0\u00bb1em\u00a0\u00bb header_5_text_shadow_style__hover=\u00a0\u00bbnone\u00a0\u00bb header_5_text_shadow_style__hover_enabled=\u00a0\u00bbnone\u00a0\u00bb header_5_text_shadow_color__hover=\u00a0\u00bbrgba(0,0,0,0.4)\u00a0\u00bb header_5_text_shadow_color__hover_enabled=\u00a0\u00bbrgba(0,0,0,0.4)\u00a0\u00bb theme_builder_area=\u00a0\u00bbpost_content\u00a0\u00bb]<\/p>\n<p>Centre Pens\u00e9es &#8211; Centre fran\u00e7ais de th\u00e9rapie \u00e0 Barcelone<\/p>\n<h1>Soutien parentalit\u00e9 Guidance parentale<\/h1>\n<p>[\/et_pb_text][\/et_pb_column][et_pb_column type=\u00a0\u00bb1_4&Prime; _builder_version=\u00a0\u00bb4.16&Prime; custom_padding=\u00a0\u00bb|||\u00a0\u00bb custom_padding_tablet=\u00a0\u00bb||||false\u00a0\u00bb custom_padding_phone=\u00a0\u00bb\u00a0\u00bb custom_padding_last_edited=\u00a0\u00bbon|desktop\u00a0\u00bb global_colors_info=\u00a0\u00bb{}\u00a0\u00bb padding_tablet=\u00a0\u00bb||||false\u00a0\u00bb padding_last_edited=\u00a0\u00bbon|desktop\u00a0\u00bb custom_padding__hover=\u00a0\u00bb|||\u00a0\u00bb padding_phone=\u00a0\u00bb||||false\u00a0\u00bb theme_builder_area=\u00a0\u00bbpost_content\u00a0\u00bb][\/et_pb_column][\/et_pb_row][\/et_pb_section][et_pb_section fb_built=\u00a0\u00bb1&Prime; _builder_version=\u00a0\u00bb4.16&Prime; global_colors_info=\u00a0\u00bb{}\u00a0\u00bb][et_pb_row _builder_version=\u00a0\u00bb4.27.4&Prime; background_size=\u00a0\u00bbinitial\u00a0\u00bb background_position=\u00a0\u00bbtop_left\u00a0\u00bb background_repeat=\u00a0\u00bbrepeat\u00a0\u00bb hover_enabled=\u00a0\u00bb0&Prime; global_colors_info=\u00a0\u00bb{}\u00a0\u00bb sticky_enabled=\u00a0\u00bb0&Prime; custom_margin=\u00a0\u00bb10px|auto||auto||\u00a0\u00bb][et_pb_column type=\u00a0\u00bb4_4&Prime; _builder_version=\u00a0\u00bb4.16&Prime; custom_padding=\u00a0\u00bb|||\u00a0\u00bb hover_enabled=\u00a0\u00bb0&Prime; global_colors_info=\u00a0\u00bb{}\u00a0\u00bb custom_padding__hover=\u00a0\u00bb|||\u00a0\u00bb sticky_enabled=\u00a0\u00bb0&Prime;][et_pb_text _builder_version=\u00a0\u00bb4.27.4&Prime; background_size=\u00a0\u00bbinitial\u00a0\u00bb background_position=\u00a0\u00bbtop_left\u00a0\u00bb background_repeat=\u00a0\u00bbrepeat\u00a0\u00bb hover_enabled=\u00a0\u00bb0&Prime; global_colors_info=\u00a0\u00bb{}\u00a0\u00bb sticky_enabled=\u00a0\u00bb0&Prime;]<\/p>\n<h1 data-start=\"348\" data-end=\"521\"><strong>\u00catre parent sans s\u2019\u00e9puiser : un accompagnement \u00e0 Barcelone<\/strong><\/h1>\n<h4 data-start=\"348\" data-end=\"521\"><\/h4>\n<h4 data-start=\"348\" data-end=\"521\"><\/h4>\n<h4 data-start=\"348\" data-end=\"521\">\u00catre parent est une aventure exigeante. Entre les \u00e9motions des enfants, la gestion du quotidien et parfois les d\u00e9fis de l\u2019expatriation, il est normal de se sentir d\u00e9pass\u00e9 voir \u00e9puis\u00e9.<\/h4>\n<p>&nbsp;<\/p>\n<p data-start=\"523\" data-end=\"721\">Au <strong data-start=\"526\" data-end=\"554\">Centre Pens\u00e9es Barcelone<\/strong>, nous proposons un accompagnement sp\u00e9cifique en <strong data-start=\"603\" data-end=\"631\">soutien \u00e0 la parentalit\u00e9<\/strong> et en <strong data-start=\"638\" data-end=\"660\">guidance parentale<\/strong>, assur\u00e9 par <strong data-start=\"673\" data-end=\"718\">Pauline Levivier, psychologue clinicienne<\/strong>.<\/p>\n<h2 data-start=\"723\" data-end=\"738\">Pour qui ?<\/h2>\n<h2 data-start=\"723\" data-end=\"738\"><span style=\"font-size: 17px; color: #666666;\">Parents en qu\u00eate de rep\u00e8res \u00e9ducatifs<\/span><\/h2>\n<h2 data-start=\"723\" data-end=\"738\"><span style=\"font-size: 17px; color: #666666;\">Familles confront\u00e9es \u00e0 des conflits, col\u00e8res ou difficult\u00e9s scolaires<\/span><\/h2>\n<h2 data-start=\"723\" data-end=\"738\"><span style=\"font-size: 17px; color: #666666;\">Parents expatri\u00e9s cherchant un accompagnement adapt\u00e9 \u00e0 leur r\u00e9alit\u00e9<\/span><\/h2>\n<p><span style=\"font-size: 17px; color: #666666;\"><\/span><\/p>\n<h2 data-start=\"928\" data-end=\"967\">Objectifs de la guidance parentale<\/h2>\n<h2 data-start=\"928\" data-end=\"967\"><span style=\"font-size: 17px; color: #666666;\">Renforcer la confiance dans son r\u00f4le de parent<\/span><\/h2>\n<h2 data-start=\"928\" data-end=\"967\"><span style=\"font-size: 17px; color: #666666;\">Mieux comprendre les besoins de son enfant<\/span><\/h2>\n<h2 data-start=\"928\" data-end=\"967\"><span style=\"font-size: 17px; color: #666666;\">D\u00e9velopper des outils \u00e9ducatifs bienveillants et efficaces<\/span><\/h2>\n<h2 data-start=\"928\" data-end=\"967\"><span style=\"font-size: 17px; color: #666666;\">Retrouver un climat familial plus apais\u00e9<\/span><\/h2>\n<p><span style=\"font-size: 17px; color: #666666;\"><\/span><\/p>\n<h2 data-start=\"1175\" data-end=\"1216\">Votre sp\u00e9cialiste : Pauline Levivier<\/h2>\n<p data-start=\"1217\" data-end=\"1457\">Sp\u00e9cialis\u00e9e dans l\u2019accompagnement des familles et de la parentalit\u00e9, <strong data-start=\"1286\" data-end=\"1306\">Pauline Levivier<\/strong> propose des s\u00e9ances individuelles ou familiales. Son approche bienveillante et concr\u00e8te permet d\u2019apporter des solutions adapt\u00e9es \u00e0 chaque situation.<\/p>\n<p>&nbsp;<\/p>\n<p>[\/et_pb_text][\/et_pb_column][\/et_pb_row][et_pb_row _builder_version=\u00a0\u00bb4.27.4&Prime; _module_preset=\u00a0\u00bbdefault\u00a0\u00bb][et_pb_column _builder_version=\u00a0\u00bb4.27.4&Prime; _module_preset=\u00a0\u00bbdefault\u00a0\u00bb type=\u00a0\u00bb4_4&Prime;][et_pb_button button_text=\u00a0\u00bbPrendre RDV\u00a0\u00bb _builder_version=\u00a0\u00bb4.27.4&Prime; _module_preset=\u00a0\u00bbdefault\u00a0\u00bb button_alignment=\u00a0\u00bbcenter\u00a0\u00bb hover_enabled=\u00a0\u00bb0&Prime; sticky_enabled=\u00a0\u00bb0&Prime; background_layout=\u00a0\u00bbdark\u00a0\u00bb button_url=\u00a0\u00bbhttps:\/\/barcelone.centre-pensees.com\/reserver-sa-therapie\/\u00a0\u00bb custom_button=\u00a0\u00bbon\u00a0\u00bb button_border_width=\u00a0\u00bb0px\u00a0\u00bb button_font=\u00a0\u00bb|600|||||||\u00a0\u00bb][\/et_pb_button][\/et_pb_column][\/et_pb_row][\/et_pb_section]<\/p>\n","protected":false},"excerpt":{"rendered":"<p>Centre Pens\u00e9es &#8211; Centre fran\u00e7ais de th\u00e9rapie \u00e0 Barcelone Soutien parentalit\u00e9 Guidance parentale\u00catre parent sans s\u2019\u00e9puiser : un accompagnement \u00e0 Barcelone \u00catre parent est une aventure exigeante. Entre les \u00e9motions des enfants, la gestion du quotidien et parfois les d\u00e9fis de l\u2019expatriation, il est normal de se sentir d\u00e9pass\u00e9 voir \u00e9puis\u00e9. &nbsp; Au Centre Pens\u00e9es [&hellip;]<\/p>\n","protected":false},"author":2,"featured_media":6486,"parent":0,"menu_order":0,"comment_status":"closed","ping_status":"closed","template":"","meta":{"_et_pb_use_builder":"on","_et_pb_old_content":"<h4 data-start=\"348\" data-end=\"521\">\u00catre parent est une aventure exigeante. Entre les \u00e9motions des enfants, la gestion du quotidien et parfois les d\u00e9fis de l\u2019expatriation, il est normal de se sentir d\u00e9pass\u00e9.<\/h4><p data-start=\"523\" data-end=\"721\">Au <strong data-start=\"526\" data-end=\"554\">Centre Pens\u00e9es Barcelone<\/strong>, nous proposons un accompagnement sp\u00e9cifique en <strong data-start=\"603\" data-end=\"631\">soutien \u00e0 la parentalit\u00e9<\/strong> et en <strong data-start=\"638\" data-end=\"660\">guidance parentale<\/strong>, assur\u00e9 par <strong data-start=\"673\" data-end=\"718\">Pauline Levivier, psychologue clinicienne<\/strong>.<\/p><h2 data-start=\"723\" data-end=\"738\">Pour qui ?<\/h2><ul data-start=\"739\" data-end=\"926\"><li data-start=\"739\" data-end=\"780\"><p data-start=\"741\" data-end=\"780\">Parents en qu\u00eate de rep\u00e8res \u00e9ducatifs<\/p><\/li><li data-start=\"781\" data-end=\"854\"><p data-start=\"783\" data-end=\"854\">Familles confront\u00e9es \u00e0 des conflits, col\u00e8res ou difficult\u00e9s scolaires<\/p><\/li><li data-start=\"855\" data-end=\"926\"><p data-start=\"857\" data-end=\"926\">Parents expatri\u00e9s cherchant un accompagnement adapt\u00e9 \u00e0 leur r\u00e9alit\u00e9<\/p><\/li><\/ul><h2 data-start=\"928\" data-end=\"967\">Objectifs de la guidance parentale<\/h2><ul data-start=\"968\" data-end=\"1173\"><li data-start=\"968\" data-end=\"1018\"><p data-start=\"970\" data-end=\"1018\">Renforcer la confiance dans son r\u00f4le de parent<\/p><\/li><li data-start=\"1019\" data-end=\"1065\"><p data-start=\"1021\" data-end=\"1065\">Mieux comprendre les besoins de son enfant<\/p><\/li><li data-start=\"1066\" data-end=\"1128\"><p data-start=\"1068\" data-end=\"1128\">D\u00e9velopper des outils \u00e9ducatifs bienveillants et efficaces<\/p><\/li><li data-start=\"1129\" data-end=\"1173\"><p data-start=\"1131\" data-end=\"1173\">Retrouver un climat familial plus apais\u00e9<\/p><\/li><\/ul><h2 data-start=\"1175\" data-end=\"1216\">Votre psychologue : Pauline Levivier<\/h2><p data-start=\"1217\" data-end=\"1457\">Sp\u00e9cialis\u00e9e dans l\u2019accompagnement des familles et de la parentalit\u00e9, <strong data-start=\"1286\" data-end=\"1306\">Pauline Levivier<\/strong> propose des s\u00e9ances individuelles ou familiales. Son approche bienveillante et concr\u00e8te permet d\u2019apporter des solutions adapt\u00e9es \u00e0 chaque situation.<\/p><p data-start=\"1459\" data-end=\"1570\"><strong data-start=\"1462\" data-end=\"1507\">Prendre rendez-vous avec Pauline Levivier<\/strong> :<br data-start=\"1509\" data-end=\"1512\" \/><a class=\"decorated-link cursor-pointer\" href=\"https:\/\/barcelone.centre-pensees.com\/reserver-sa-therapie\/\" target=\"_blank\" rel=\"noopener\" data-start=\"1512\" data-end=\"1568\">R\u00e9server une consultation<\/a><\/p>","_et_gb_content_width":"","footnotes":""},"class_list":["post-7908","page","type-page","status-publish","has-post-thumbnail","hentry"],"yoast_head":"<!-- This site is optimized with the Yoast SEO plugin v27.4 - https:\/\/yoast.com\/product\/yoast-seo-wordpress\/ -->\n<title>Soutien \u00e0 la parentalit\u00e9 \u2013 Guidance parentale \u00e0 Barcelone | Psychologue Fran\u00e7ais \u00e0 Barcelone<\/title>\n<meta name=\"robots\" content=\"index, follow, max-snippet:-1, max-image-preview:large, max-video-preview:-1\" \/>\n<link rel=\"canonical\" href=\"https:\/\/barcelone.centre-pensees.com\/en\/parenting-support-and-guidance-in-barcelona\/\" \/>\n<meta property=\"og:locale\" content=\"en_US\" \/>\n<meta property=\"og:type\" content=\"article\" \/>\n<meta property=\"og:title\" content=\"Soutien \u00e0 la parentalit\u00e9 \u2013 Guidance parentale \u00e0 Barcelone | Psychologue Fran\u00e7ais \u00e0 Barcelone\" \/>\n<meta property=\"og:description\" content=\"Centre Pens\u00e9es - Centre fran\u00e7ais de th\u00e9rapie \u00e0 Barcelone Soutien parentalit\u00e9 Guidance parentale\u00catre parent sans s\u2019\u00e9puiser : un accompagnement \u00e0 Barcelone \u00catre parent est une aventure exigeante. Entre les \u00e9motions des enfants, la gestion du quotidien et parfois les d\u00e9fis de l\u2019expatriation, il est normal de se sentir d\u00e9pass\u00e9 voir \u00e9puis\u00e9. &nbsp; Au Centre Pens\u00e9es [&hellip;]\" \/>\n<meta property=\"og:url\" content=\"https:\/\/barcelone.centre-pensees.com\/en\/parenting-support-and-guidance-in-barcelona\/\" \/>\n<meta property=\"og:site_name\" content=\"Psychologue Fran\u00e7ais \u00e0 Barcelone\" \/>\n<meta property=\"article:modified_time\" content=\"2025-09-12T09:30:48+00:00\" \/>\n<meta property=\"og:image\" content=\"https:\/\/barcelone.centre-pensees.com\/wp-content\/uploads\/2024\/01\/therapy-berlin-psychology-7.jpg\" \/>\n\t<meta property=\"og:image:width\" content=\"1920\" \/>\n\t<meta property=\"og:image:height\" content=\"1080\" \/>\n\t<meta property=\"og:image:type\" content=\"image\/jpeg\" \/>\n<meta name=\"twitter:card\" content=\"summary_large_image\" \/>\n<meta name=\"twitter:label1\" content=\"Est. reading time\" \/>\n\t<meta name=\"twitter:data1\" content=\"1 minute\" \/>\n<script type=\"application\/ld+json\" class=\"yoast-schema-graph\">{\"@context\":\"https:\\\/\\\/schema.org\",\"@graph\":[{\"@type\":\"WebPage\",\"@id\":\"https:\\\/\\\/barcelone.centre-pensees.com\\\/soutien-a-la-parentalite-guidance-parentale-a-barcelone\\\/\",\"url\":\"https:\\\/\\\/barcelone.centre-pensees.com\\\/soutien-a-la-parentalite-guidance-parentale-a-barcelone\\\/\",\"name\":\"Soutien \u00e0 la parentalit\u00e9 \u2013 Guidance parentale \u00e0 Barcelone | Psychologue Fran\u00e7ais \u00e0 Barcelone\",\"isPartOf\":{\"@id\":\"https:\\\/\\\/barcelone.centre-pensees.com\\\/#website\"},\"primaryImageOfPage\":{\"@id\":\"https:\\\/\\\/barcelone.centre-pensees.com\\\/soutien-a-la-parentalite-guidance-parentale-a-barcelone\\\/#primaryimage\"},\"image\":{\"@id\":\"https:\\\/\\\/barcelone.centre-pensees.com\\\/soutien-a-la-parentalite-guidance-parentale-a-barcelone\\\/#primaryimage\"},\"thumbnailUrl\":\"https:\\\/\\\/barcelone.centre-pensees.com\\\/wp-content\\\/uploads\\\/2024\\\/01\\\/therapy-berlin-psychology-7.jpg\",\"datePublished\":\"2025-09-12T09:14:56+00:00\",\"dateModified\":\"2025-09-12T09:30:48+00:00\",\"breadcrumb\":{\"@id\":\"https:\\\/\\\/barcelone.centre-pensees.com\\\/soutien-a-la-parentalite-guidance-parentale-a-barcelone\\\/#breadcrumb\"},\"inLanguage\":\"en-US\",\"potentialAction\":[{\"@type\":\"ReadAction\",\"target\":[\"https:\\\/\\\/barcelone.centre-pensees.com\\\/soutien-a-la-parentalite-guidance-parentale-a-barcelone\\\/\"]}]},{\"@type\":\"ImageObject\",\"inLanguage\":\"en-US\",\"@id\":\"https:\\\/\\\/barcelone.centre-pensees.com\\\/soutien-a-la-parentalite-guidance-parentale-a-barcelone\\\/#primaryimage\",\"url\":\"https:\\\/\\\/barcelone.centre-pensees.com\\\/wp-content\\\/uploads\\\/2024\\\/01\\\/therapy-berlin-psychology-7.jpg\",\"contentUrl\":\"https:\\\/\\\/barcelone.centre-pensees.com\\\/wp-content\\\/uploads\\\/2024\\\/01\\\/therapy-berlin-psychology-7.jpg\",\"width\":1920,\"height\":1080},{\"@type\":\"BreadcrumbList\",\"@id\":\"https:\\\/\\\/barcelone.centre-pensees.com\\\/soutien-a-la-parentalite-guidance-parentale-a-barcelone\\\/#breadcrumb\",\"itemListElement\":[{\"@type\":\"ListItem\",\"position\":1,\"name\":\"Accueil\",\"item\":\"https:\\\/\\\/barcelone.centre-pensees.com\\\/\"},{\"@type\":\"ListItem\",\"position\":2,\"name\":\"Soutien \u00e0 la parentalit\u00e9 \u2013 Guidance parentale \u00e0 Barcelone\"}]},{\"@type\":\"WebSite\",\"@id\":\"https:\\\/\\\/barcelone.centre-pensees.com\\\/#website\",\"url\":\"https:\\\/\\\/barcelone.centre-pensees.com\\\/\",\"name\":\"Psychologue Fran\u00e7ais \u00e0 Barcelone\",\"description\":\"Centre de psychoth\u00e9rapie \u00e0 Barcelone\",\"publisher\":{\"@id\":\"https:\\\/\\\/barcelone.centre-pensees.com\\\/#organization\"},\"potentialAction\":[{\"@type\":\"SearchAction\",\"target\":{\"@type\":\"EntryPoint\",\"urlTemplate\":\"https:\\\/\\\/barcelone.centre-pensees.com\\\/?s={search_term_string}\"},\"query-input\":{\"@type\":\"PropertyValueSpecification\",\"valueRequired\":true,\"valueName\":\"search_term_string\"}}],\"inLanguage\":\"en-US\"},{\"@type\":\"Organization\",\"@id\":\"https:\\\/\\\/barcelone.centre-pensees.com\\\/#organization\",\"name\":\"Centre Pens\u00e9es\",\"url\":\"https:\\\/\\\/barcelone.centre-pensees.com\\\/\",\"logo\":{\"@type\":\"ImageObject\",\"inLanguage\":\"en-US\",\"@id\":\"https:\\\/\\\/barcelone.centre-pensees.com\\\/#\\\/schema\\\/logo\\\/image\\\/\",\"url\":\"https:\\\/\\\/barcelone.centre-pensees.com\\\/wp-content\\\/uploads\\\/2022\\\/03\\\/nobg-pensees-logo-bleu.png\",\"contentUrl\":\"https:\\\/\\\/barcelone.centre-pensees.com\\\/wp-content\\\/uploads\\\/2022\\\/03\\\/nobg-pensees-logo-bleu.png\",\"width\":608,\"height\":545,\"caption\":\"Centre Pens\u00e9es\"},\"image\":{\"@id\":\"https:\\\/\\\/barcelone.centre-pensees.com\\\/#\\\/schema\\\/logo\\\/image\\\/\"}}]}<\/script>\n<!-- \/ Yoast SEO plugin. -->","yoast_head_json":{"title":"Parenting Support \u2013 Parental Guidance in Barcelona | French Psychologist in Barcelona","robots":{"index":"index","follow":"follow","max-snippet":"max-snippet:-1","max-image-preview":"max-image-preview:large","max-video-preview":"max-video-preview:-1"},"canonical":"https:\/\/barcelone.centre-pensees.com\/en\/parenting-support-and-guidance-in-barcelona\/","og_locale":"en_US","og_type":"article","og_title":"Soutien \u00e0 la parentalit\u00e9 \u2013 Guidance parentale \u00e0 Barcelone | Psychologue Fran\u00e7ais \u00e0 Barcelone","og_description":"Centre Pens\u00e9es - Centre fran\u00e7ais de th\u00e9rapie \u00e0 Barcelone Soutien parentalit\u00e9 Guidance parentale\u00catre parent sans s\u2019\u00e9puiser : un accompagnement \u00e0 Barcelone \u00catre parent est une aventure exigeante. Entre les \u00e9motions des enfants, la gestion du quotidien et parfois les d\u00e9fis de l\u2019expatriation, il est normal de se sentir d\u00e9pass\u00e9 voir \u00e9puis\u00e9. &nbsp; Au Centre Pens\u00e9es [&hellip;]","og_url":"https:\/\/barcelone.centre-pensees.com\/en\/parenting-support-and-guidance-in-barcelona\/","og_site_name":"Psychologue Fran\u00e7ais \u00e0 Barcelone","article_modified_time":"2025-09-12T09:30:48+00:00","og_image":[{"width":1920,"height":1080,"url":"https:\/\/barcelone.centre-pensees.com\/wp-content\/uploads\/2024\/01\/therapy-berlin-psychology-7.jpg","type":"image\/jpeg"}],"twitter_card":"summary_large_image","twitter_misc":{"Est. reading time":"1 minute"},"schema":{"@context":"https:\/\/schema.org","@graph":[{"@type":"WebPage","@id":"https:\/\/barcelone.centre-pensees.com\/soutien-a-la-parentalite-guidance-parentale-a-barcelone\/","url":"https:\/\/barcelone.centre-pensees.com\/soutien-a-la-parentalite-guidance-parentale-a-barcelone\/","name":"Parenting Support \u2013 Parental Guidance in Barcelona | French Psychologist in Barcelona","isPartOf":{"@id":"https:\/\/barcelone.centre-pensees.com\/#website"},"primaryImageOfPage":{"@id":"https:\/\/barcelone.centre-pensees.com\/soutien-a-la-parentalite-guidance-parentale-a-barcelone\/#primaryimage"},"image":{"@id":"https:\/\/barcelone.centre-pensees.com\/soutien-a-la-parentalite-guidance-parentale-a-barcelone\/#primaryimage"},"thumbnailUrl":"https:\/\/barcelone.centre-pensees.com\/wp-content\/uploads\/2024\/01\/therapy-berlin-psychology-7.jpg","datePublished":"2025-09-12T09:14:56+00:00","dateModified":"2025-09-12T09:30:48+00:00","breadcrumb":{"@id":"https:\/\/barcelone.centre-pensees.com\/soutien-a-la-parentalite-guidance-parentale-a-barcelone\/#breadcrumb"},"inLanguage":"en-US","potentialAction":[{"@type":"ReadAction","target":["https:\/\/barcelone.centre-pensees.com\/soutien-a-la-parentalite-guidance-parentale-a-barcelone\/"]}]},{"@type":"ImageObject","inLanguage":"en-US","@id":"https:\/\/barcelone.centre-pensees.com\/soutien-a-la-parentalite-guidance-parentale-a-barcelone\/#primaryimage","url":"https:\/\/barcelone.centre-pensees.com\/wp-content\/uploads\/2024\/01\/therapy-berlin-psychology-7.jpg","contentUrl":"https:\/\/barcelone.centre-pensees.com\/wp-content\/uploads\/2024\/01\/therapy-berlin-psychology-7.jpg","width":1920,"height":1080},{"@type":"BreadcrumbList","@id":"https:\/\/barcelone.centre-pensees.com\/soutien-a-la-parentalite-guidance-parentale-a-barcelone\/#breadcrumb","itemListElement":[{"@type":"ListItem","position":1,"name":"Accueil","item":"https:\/\/barcelone.centre-pensees.com\/"},{"@type":"ListItem","position":2,"name":"Soutien \u00e0 la parentalit\u00e9 \u2013 Guidance parentale \u00e0 Barcelone"}]},{"@type":"WebSite","@id":"https:\/\/barcelone.centre-pensees.com\/#website","url":"https:\/\/barcelone.centre-pensees.com\/","name":"French psychologist in Barcelona","description":"Psychotherapy center in Barcelona","publisher":{"@id":"https:\/\/barcelone.centre-pensees.com\/#organization"},"potentialAction":[{"@type":"SearchAction","target":{"@type":"EntryPoint","urlTemplate":"https:\/\/barcelone.centre-pensees.com\/?s={search_term_string}"},"query-input":{"@type":"PropertyValueSpecification","valueRequired":true,"valueName":"search_term_string"}}],"inLanguage":"en-US"},{"@type":"Organization","@id":"https:\/\/barcelone.centre-pensees.com\/#organization","name":"Center Pens\u00e9es","url":"https:\/\/barcelone.centre-pensees.com\/","logo":{"@type":"ImageObject","inLanguage":"en-US","@id":"https:\/\/barcelone.centre-pensees.com\/#\/schema\/logo\/image\/","url":"https:\/\/barcelone.centre-pensees.com\/wp-content\/uploads\/2022\/03\/nobg-pensees-logo-bleu.png","contentUrl":"https:\/\/barcelone.centre-pensees.com\/wp-content\/uploads\/2022\/03\/nobg-pensees-logo-bleu.png","width":608,"height":545,"caption":"Centre Pens\u00e9es"},"image":{"@id":"https:\/\/barcelone.centre-pensees.com\/#\/schema\/logo\/image\/"}}]}},"_links":{"self":[{"href":"https:\/\/barcelone.centre-pensees.com\/en\/wp-json\/wp\/v2\/pages\/7908","targetHints":{"allow":["GET"]}}],"collection":[{"href":"https:\/\/barcelone.centre-pensees.com\/en\/wp-json\/wp\/v2\/pages"}],"about":[{"href":"https:\/\/barcelone.centre-pensees.com\/en\/wp-json\/wp\/v2\/types\/page"}],"author":[{"embeddable":true,"href":"https:\/\/barcelone.centre-pensees.com\/en\/wp-json\/wp\/v2\/users\/2"}],"replies":[{"embeddable":true,"href":"https:\/\/barcelone.centre-pensees.com\/en\/wp-json\/wp\/v2\/comments?post=7908"}],"version-history":[{"count":5,"href":"https:\/\/barcelone.centre-pensees.com\/en\/wp-json\/wp\/v2\/pages\/7908\/revisions"}],"predecessor-version":[{"id":7922,"href":"https:\/\/barcelone.centre-pensees.com\/en\/wp-json\/wp\/v2\/pages\/7908\/revisions\/7922"}],"wp:featuredmedia":[{"embeddable":true,"href":"https:\/\/barcelone.centre-pensees.com\/en\/wp-json\/wp\/v2\/media\/6486"}],"wp:attachment":[{"href":"https:\/\/barcelone.centre-pensees.com\/en\/wp-json\/wp\/v2\/media?parent=7908"}],"curies":[{"name":"wp","href":"https:\/\/api.w.org\/{rel}","templated":true}]}}