{"id":8168,"date":"2026-01-06T15:16:17","date_gmt":"2026-01-06T14:16:17","guid":{"rendered":"https:\/\/barcelone.centre-pensees.com\/?page_id=8168"},"modified":"2026-01-06T15:26:26","modified_gmt":"2026-01-06T14:26:26","slug":"dance-movement-therapy","status":"publish","type":"page","link":"https:\/\/barcelone.centre-pensees.com\/en\/danse-mouvement-therapie\/","title":{"rendered":"Dance Movement Therapy"},"content":{"rendered":"<p>[et_pb_section fb_built=\u00a0\u00bb1&Prime; custom_padding_last_edited=\u00a0\u00bbon|phone\u00a0\u00bb admin_label=\u00a0\u00bbHeader\u00a0\u00bb _builder_version=\u00a0\u00bb4.17.1&Prime; use_background_color_gradient=\u00a0\u00bbon\u00a0\u00bb background_color_gradient_direction=\u00a0\u00bb200deg\u00a0\u00bb background_color_gradient_stops=\u00a0\u00bbrgba(0,0,0,0) 66%|rgba(22,29,67,0.3) 100%\u00a0\u00bb background_color_gradient_overlays_image=\u00a0\u00bbon\u00a0\u00bb background_color_gradient_start=\u00a0\u00bbrgba(0,0,0,0)\u00a0\u00bb background_color_gradient_start_position=\u00a0\u00bb62%\u00a0\u00bb background_color_gradient_end=\u00a0\u00bbrgba(22,29,67,0.3)\u00a0\u00bb background_image=\u00a0\u00bbhttps:\/\/barcelone.centre-pensees.com\/wp-content\/uploads\/2022\/06\/1.jpg\u00a0\u00bb custom_padding=\u00a0\u00bb9vw|10vw|0vw|0px|false|false\u00a0\u00bb custom_padding_tablet=\u00a0\u00bb\u00a0\u00bb custom_padding_phone=\u00a0\u00bb|10vw||\u00a0\u00bb animation_style=\u00a0\u00bbfade\u00a0\u00bb animation_starting_opacity=\u00a0\u00bb5%\u00a0\u00bb animation_speed_curve=\u00a0\u00bbease-out\u00a0\u00bb custom_css_main_element=\u00a0\u00bbbackground-attachment: fixed;||background-position: 50% 100%;\u00a0\u00bb border_radii=\u00a0\u00bb||||16vw\u00a0\u00bb locked=\u00a0\u00bboff\u00a0\u00bb global_colors_info=\u00a0\u00bb{}\u00a0\u00bb][et_pb_row column_structure=\u00a0\u00bb3_4,1_4&Prime; use_custom_gutter=\u00a0\u00bbon\u00a0\u00bb gutter_width=\u00a0\u00bb1&Prime; make_equal=\u00a0\u00bbon\u00a0\u00bb custom_padding_last_edited=\u00a0\u00bbon|desktop\u00a0\u00bb padding_top_bottom_link_1=\u00a0\u00bbtrue\u00a0\u00bb padding_top_bottom_link_2=\u00a0\u00bbtrue\u00a0\u00bb padding_left_right_link_1=\u00a0\u00bbfalse\u00a0\u00bb _builder_version=\u00a0\u00bb4.16&Prime; use_background_color_gradient=\u00a0\u00bbon\u00a0\u00bb background_color_gradient_direction=\u00a0\u00bb90deg\u00a0\u00bb background_color_gradient_stops=\u00a0\u00bbrgba(255,255,255,0.4) 70%|rgba(255,255,255,0.88) 100%\u00a0\u00bb background_color_gradient_start=\u00a0\u00bbrgba(255,255,255,0.4)\u00a0\u00bb background_color_gradient_start_position=\u00a0\u00bb70%\u00a0\u00bb background_color_gradient_end=\u00a0\u00bbrgba(255,255,255,0.88)\u00a0\u00bb width=\u00a0\u00bb100%\u00a0\u00bb max_width=\u00a0\u00bb100%\u00a0\u00bb module_alignment=\u00a0\u00bbleft\u00a0\u00bb custom_margin_tablet=\u00a0\u00bb0vw|||\u00a0\u00bb custom_margin_last_edited=\u00a0\u00bboff|desktop\u00a0\u00bb custom_padding=\u00a0\u00bb0px||0px||false|false\u00a0\u00bb custom_padding_tablet=\u00a0\u00bb|||0vw\u00a0\u00bb custom_padding_phone=\u00a0\u00bb\u00a0\u00bb animation_style=\u00a0\u00bbslide\u00a0\u00bb animation_direction=\u00a0\u00bbleft\u00a0\u00bb animation_intensity_slide=\u00a0\u00bb5%\u00a0\u00bb border_radii=\u00a0\u00bb||10vw||\u00a0\u00bb use_custom_width=\u00a0\u00bbon\u00a0\u00bb width_unit=\u00a0\u00bboff\u00a0\u00bb custom_width_percent=\u00a0\u00bb100%\u00a0\u00bb locked=\u00a0\u00bboff\u00a0\u00bb global_colors_info=\u00a0\u00bb{}\u00a0\u00bb][et_pb_column type=\u00a0\u00bb3_4&Prime; _builder_version=\u00a0\u00bb4.16&Prime; custom_padding=\u00a0\u00bb80px|40px|80px|10vw\u00a0\u00bb custom_padding_tablet=\u00a0\u00bb40px||20px||false\u00a0\u00bb custom_padding_phone=\u00a0\u00bb|||\u00a0\u00bb custom_padding_last_edited=\u00a0\u00bbon|phone\u00a0\u00bb global_colors_info=\u00a0\u00bb{}\u00a0\u00bb padding_phone=\u00a0\u00bb|||\u00a0\u00bb padding_tablet=\u00a0\u00bb40px||20px||false\u00a0\u00bb padding_last_edited=\u00a0\u00bbon|phone\u00a0\u00bb custom_padding__hover=\u00a0\u00bb|||\u00a0\u00bb][et_pb_text _builder_version=\u00a0\u00bb4.17.1&Prime; text_font=\u00a0\u00bb||||||||\u00a0\u00bb text_text_color=\u00a0\u00bb#000000&Prime; header_font=\u00a0\u00bbPrata||||||||\u00a0\u00bb header_text_color=\u00a0\u00bb#000000&Prime; header_font_size=\u00a0\u00bb100px\u00a0\u00bb header_line_height=\u00a0\u00bb1.4em\u00a0\u00bb header_6_font=\u00a0\u00bbOpen Sans|700||on|||||\u00a0\u00bb header_6_letter_spacing=\u00a0\u00bb5px\u00a0\u00bb header_6_line_height=\u00a0\u00bb1.6em\u00a0\u00bb background_layout=\u00a0\u00bbdark\u00a0\u00bb max_width_tablet=\u00a0\u00bb90%\u00a0\u00bb max_width_phone=\u00a0\u00bb\u00a0\u00bb max_width_last_edited=\u00a0\u00bbon|desktop\u00a0\u00bb module_alignment=\u00a0\u00bbright\u00a0\u00bb animation_style=\u00a0\u00bbzoom\u00a0\u00bb animation_intensity_zoom=\u00a0\u00bb5%\u00a0\u00bb header_font_size_tablet=\u00a0\u00bb48px\u00a0\u00bb header_font_size_phone=\u00a0\u00bb32px\u00a0\u00bb header_font_size_last_edited=\u00a0\u00bbon|phone\u00a0\u00bb header_6_font_size_tablet=\u00a0\u00bb\u00a0\u00bb header_6_font_size_phone=\u00a0\u00bb\u00a0\u00bb header_6_font_size_last_edited=\u00a0\u00bbon|desktop\u00a0\u00bb text_text_shadow_style=\u00a0\u00bbpreset3&Prime; text_text_shadow_blur_strength=\u00a0\u00bb3em\u00a0\u00bb text_text_shadow_color=\u00a0\u00bbrgba(22,29,67,0.24)\u00a0\u00bb locked=\u00a0\u00bboff\u00a0\u00bb global_colors_info=\u00a0\u00bb{}\u00a0\u00bb header_5_font_size__hover=\u00a0\u00bb16px\u00a0\u00bb header_5_font_size__hover_enabled=\u00a0\u00bb16px\u00a0\u00bb header_5_letter_spacing__hover=\u00a0\u00bb0px\u00a0\u00bb header_5_letter_spacing__hover_enabled=\u00a0\u00bb0px\u00a0\u00bb header_5_line_height__hover=\u00a0\u00bb1em\u00a0\u00bb header_5_line_height__hover_enabled=\u00a0\u00bb1em\u00a0\u00bb header_5_text_shadow_style__hover=\u00a0\u00bbnone\u00a0\u00bb header_5_text_shadow_style__hover_enabled=\u00a0\u00bbnone\u00a0\u00bb header_5_text_shadow_color__hover=\u00a0\u00bbrgba(0,0,0,0.4)\u00a0\u00bb header_5_text_shadow_color__hover_enabled=\u00a0\u00bbrgba(0,0,0,0.4)\u00a0\u00bb width=\u00a0\u00bb99.9%\u00a0\u00bb custom_margin=\u00a0\u00bb|-236px||||\u00a0\u00bb]<\/p>\n<p>Centre Pens\u00e9es &#8211; Centre fran\u00e7ais de th\u00e9rapie \u00e0 Barcelone<\/p>\n<h1>Danse Mouvement Th\u00e9rapie<\/h1>\n<p>[\/et_pb_text][\/et_pb_column][et_pb_column type=\u00a0\u00bb1_4&Prime; _builder_version=\u00a0\u00bb4.16&Prime; custom_padding=\u00a0\u00bb|||\u00a0\u00bb custom_padding_tablet=\u00a0\u00bb||||false\u00a0\u00bb custom_padding_phone=\u00a0\u00bb\u00a0\u00bb custom_padding_last_edited=\u00a0\u00bbon|desktop\u00a0\u00bb global_colors_info=\u00a0\u00bb{}\u00a0\u00bb padding_tablet=\u00a0\u00bb||||false\u00a0\u00bb padding_last_edited=\u00a0\u00bbon|desktop\u00a0\u00bb custom_padding__hover=\u00a0\u00bb|||\u00a0\u00bb padding_phone=\u00a0\u00bb||||false\u00a0\u00bb][\/et_pb_column][\/et_pb_row][\/et_pb_section][et_pb_section fb_built=\u00a0\u00bb1&Prime; _builder_version=\u00a0\u00bb4.16&Prime; global_colors_info=\u00a0\u00bb{}\u00a0\u00bb][et_pb_row _builder_version=\u00a0\u00bb4.27.4&Prime; background_size=\u00a0\u00bbinitial\u00a0\u00bb background_position=\u00a0\u00bbtop_left\u00a0\u00bb background_repeat=\u00a0\u00bbrepeat\u00a0\u00bb custom_margin=\u00a0\u00bb10px|auto||auto||\u00a0\u00bb global_colors_info=\u00a0\u00bb{}\u00a0\u00bb][et_pb_column type=\u00a0\u00bb4_4&Prime; _builder_version=\u00a0\u00bb4.16&Prime; custom_padding=\u00a0\u00bb|||\u00a0\u00bb global_colors_info=\u00a0\u00bb{}\u00a0\u00bb custom_padding__hover=\u00a0\u00bb|||\u00a0\u00bb][et_pb_text _builder_version=\u00a0\u00bb4.27.4&Prime; background_size=\u00a0\u00bbinitial\u00a0\u00bb background_position=\u00a0\u00bbtop_left\u00a0\u00bb background_repeat=\u00a0\u00bbrepeat\u00a0\u00bb global_colors_info=\u00a0\u00bb{}\u00a0\u00bb]<\/p>\n<h1 data-start=\"348\" data-end=\"521\">Qu\u2019est-ce que la Danse Mouvement Th\u00e9rapie ?<\/h1>\n<h4 data-start=\"348\" data-end=\"521\"><\/h4>\n<h4 data-start=\"348\" data-end=\"521\"><\/h4>\n<p data-start=\"1217\" data-end=\"1457\">La Danse Mouvement Th\u00e9rapie est l\u2019utilisation th\u00e9rapeutique de la danse, du mouvement,<br \/>de la conscience corporelle et de la communication non verbale pour favoriser l\u2019int\u00e9gration<br \/>psychique, sociale et physique de l\u2019individu dans le but d\u2019am\u00e9liorer sa sant\u00e9 et son bien-\u00eatre.<br \/>Il s\u2019agit d\u2019une approche qui se fonde sur l\u2019\u00e9vidence de l&rsquo;interconnection corps-esprit et<br \/>consid\u00e8re l\u2019individu dans sa globalit\u00e9 en se basant sur diff\u00e9rents courants de psychologie et<br \/>techniques corporelles.<\/p>\n<p data-start=\"1217\" data-end=\"1457\">Pour qui ?<\/p>\n<p data-start=\"1217\" data-end=\"1457\">Les adultes :<\/p>\n<p data-start=\"1217\" data-end=\"1457\">\u25cf Comme outil de soutien psychosocial, de pr\u00e9vention et de d\u00e9veloppement personnel.<br \/>\u25cf En compl\u00e9ment d\u2019un suivi psychoth\u00e9rapeutique et\/ou psychiatrique pour des<br \/>probl\u00e9matiques telles que les addictions, la schizophr\u00e9nie et autres troubles<br \/>psychotiques, la d\u00e9pression, l\u2019anxi\u00e9t\u00e9, les troubles alimentaires, les cons\u00e9quences<br \/>de traumas, etc.<br \/>\u25cf En compl\u00e9ment d\u2019un suivi m\u00e9dical pour des affections qui produisent des douleurs et<br \/>des difficult\u00e9s physiques comme la maladie de Parkinson, la scl\u00e9rose en plaques, les<br \/>cancers, etc.<\/p>\n<p data-start=\"1217\" data-end=\"1457\">Les enfants et les adolescents :<\/p>\n<p data-start=\"1217\" data-end=\"1457\">\u25cf Comme outil pour faire face \u00e0 des petites difficult\u00e9s \u00e9motionnelles, sociales,<br \/>physiques ou cognitives.<br \/>\u25cf En compl\u00e9ment, dans une prise en soin globale, pour des jeunes pr\u00e9sentant des<br \/>troubles du spectre de l\u2019autisme, des troubles de l\u2019attention et des troubles<br \/>psychiques en g\u00e9n\u00e9ral.<\/p>\n<p>&nbsp;<\/p>\n<p>[\/et_pb_text][\/et_pb_column][\/et_pb_row][et_pb_row _builder_version=\u00a0\u00bb4.27.4&Prime; _module_preset=\u00a0\u00bbdefault\u00a0\u00bb][et_pb_column _builder_version=\u00a0\u00bb4.27.4&Prime; _module_preset=\u00a0\u00bbdefault\u00a0\u00bb type=\u00a0\u00bb4_4&Prime;][et_pb_image src=\u00a0\u00bbhttps:\/\/barcelone.centre-pensees.com\/wp-content\/uploads\/2026\/01\/danse-mouvement-v4.jpg\u00a0\u00bb _builder_version=\u00a0\u00bb4.27.4&Prime; _module_preset=\u00a0\u00bbdefault\u00a0\u00bb hover_enabled=\u00a0\u00bb0&Prime; sticky_enabled=\u00a0\u00bb0&Prime; title_text=\u00a0\u00bbdanse-mouvement-v4&Prime; custom_margin=\u00a0\u00bb|349px||||\u00a0\u00bb custom_padding=\u00a0\u00bb||0px|||\u00a0\u00bb width=\u00a0\u00bb63.5%\u00a0\u00bb][\/et_pb_image][\/et_pb_column][\/et_pb_row][et_pb_row _builder_version=\u00a0\u00bb4.27.4&Prime; _module_preset=\u00a0\u00bbdefault\u00a0\u00bb][et_pb_column _builder_version=\u00a0\u00bb4.27.4&Prime; _module_preset=\u00a0\u00bbdefault\u00a0\u00bb type=\u00a0\u00bb4_4&Prime;][et_pb_text _builder_version=\u00a0\u00bb4.27.4&Prime; _module_preset=\u00a0\u00bbdefault\u00a0\u00bb hover_enabled=\u00a0\u00bb0&Prime; sticky_enabled=\u00a0\u00bb0&Prime;]<\/p>\n<p data-start=\"1217\" data-end=\"1457\">\n<p data-start=\"1217\" data-end=\"1457\">\u00c0 quoi \u00e7a sert ?<br \/>La Danse Mouvement Th\u00e9rapie permet de :<br \/>\u25cf connecter \u00e0 son corps, le conna\u00eetre, se l\u2019approprier et apprendre \u00e0 l\u2019appr\u00e9cier.<br \/>\u25cf travailler les comp\u00e9tences \u00e9motionnelles : identification, compr\u00e9hension, expression<br \/>et r\u00e9gulation.<br \/>\u25cf travailler les comp\u00e9tences sociales : communication, empathie, respect de ses<br \/>propres limites et de celles de tiers, confiance en soi et en l\u2019autre.<br \/>\u25cf travailler les cons\u00e9quences d\u2019histoires de vie et de traumas.<br \/>\u25cf diminuer l\u2019anxi\u00e9t\u00e9.<br \/>\u25cf prendre conscience de probl\u00e9matiques difficilement accessibles par la parole.<br \/>\u25cf d\u00e9velopper la cr\u00e9ativit\u00e9 et la capacit\u00e9 \u00e0 jouer.<br \/>\u25cf savoir se situer dans l\u2019espace et dans le temps.<br \/>\u25cf \u00e9largir le r\u00e9pertoire de mouvements et revenir sur les \u00e9tapes de d\u00e9veloppement<br \/>manqu\u00e9es ou mal acquises.<br \/>\u25cf d\u00e9velopper l\u2019attention et la m\u00e9moire.<\/p>\n<p data-start=\"1217\" data-end=\"1457\">Au Centre Pens\u00e9es, nous proposons des s\u00e9ances individuelles de 50 minutes pour<br \/>adultes, adolescents et enfants. Possibilit\u00e9 de s\u00e9ances de 30 minutes pour r\u00e9pondre \u00e0<br \/>des besoins sp\u00e9cifiques.<\/p>\n<p data-start=\"1217\" data-end=\"1457\">Nous proposons \u00e9galement un groupe de Danse Mouvement Th\u00e9rapie pour enfants<br \/>de 7 \u00e0 11 ans, les mardis de 17h30 \u00e0 18h30. (max. 6 enfants).<\/p>\n<p>[\/et_pb_text][\/et_pb_column][\/et_pb_row][et_pb_row _builder_version=\u00a0\u00bb4.27.4&Prime; _module_preset=\u00a0\u00bbdefault\u00a0\u00bb global_colors_info=\u00a0\u00bb{}\u00a0\u00bb][et_pb_column type=\u00a0\u00bb4_4&Prime; _builder_version=\u00a0\u00bb4.27.4&Prime; _module_preset=\u00a0\u00bbdefault\u00a0\u00bb global_colors_info=\u00a0\u00bb{}\u00a0\u00bb][et_pb_button button_url=\u00a0\u00bbhttps:\/\/barcelone.centre-pensees.com\/reserver-sa-therapie\/\u00a0\u00bb button_text=\u00a0\u00bbPrendre RDV avec \u00c9lise Moreau, Danse Th\u00e9rapeute\u00a0\u00bb button_alignment=\u00a0\u00bbcenter\u00a0\u00bb _builder_version=\u00a0\u00bb4.27.4&Prime; _module_preset=\u00a0\u00bbdefault\u00a0\u00bb custom_button=\u00a0\u00bbon\u00a0\u00bb button_border_width=\u00a0\u00bb0px\u00a0\u00bb button_font=\u00a0\u00bb|600|||||||\u00a0\u00bb background_layout=\u00a0\u00bbdark\u00a0\u00bb hover_enabled=\u00a0\u00bb0&Prime; global_colors_info=\u00a0\u00bb{}\u00a0\u00bb sticky_enabled=\u00a0\u00bb0&Prime;][\/et_pb_button][\/et_pb_column][\/et_pb_row][\/et_pb_section]<\/p>\n","protected":false},"excerpt":{"rendered":"<p>Centre Pens\u00e9es &#8211; Centre fran\u00e7ais de th\u00e9rapie \u00e0 Barcelone Danse Mouvement Th\u00e9rapieQu\u2019est-ce que la Danse Mouvement Th\u00e9rapie ? La Danse Mouvement Th\u00e9rapie est l\u2019utilisation th\u00e9rapeutique de la danse, du mouvement,de la conscience corporelle et de la communication non verbale pour favoriser l\u2019int\u00e9grationpsychique, sociale et physique de l\u2019individu dans le but d\u2019am\u00e9liorer sa sant\u00e9 et son [&hellip;]<\/p>\n","protected":false},"author":2,"featured_media":0,"parent":0,"menu_order":0,"comment_status":"closed","ping_status":"closed","template":"","meta":{"_et_pb_use_builder":"on","_et_pb_old_content":"<p>cd<\/p>","_et_gb_content_width":"","footnotes":""},"class_list":["post-8168","page","type-page","status-publish","hentry"],"yoast_head":"<!-- This site is optimized with the Yoast SEO plugin v27.4 - https:\/\/yoast.com\/product\/yoast-seo-wordpress\/ -->\n<title>Danse Mouvement Th\u00e9rapie | Psychologue Fran\u00e7ais \u00e0 Barcelone<\/title>\n<meta name=\"robots\" content=\"index, follow, max-snippet:-1, max-image-preview:large, max-video-preview:-1\" \/>\n<link rel=\"canonical\" href=\"https:\/\/barcelone.centre-pensees.com\/en\/dance-movement-therapy\/\" \/>\n<meta property=\"og:locale\" content=\"en_US\" \/>\n<meta property=\"og:type\" content=\"article\" \/>\n<meta property=\"og:title\" content=\"Danse Mouvement Th\u00e9rapie | Psychologue Fran\u00e7ais \u00e0 Barcelone\" \/>\n<meta property=\"og:description\" content=\"Centre Pens\u00e9es - Centre fran\u00e7ais de th\u00e9rapie \u00e0 Barcelone Danse Mouvement Th\u00e9rapieQu\u2019est-ce que la Danse Mouvement Th\u00e9rapie ? La Danse Mouvement Th\u00e9rapie est l\u2019utilisation th\u00e9rapeutique de la danse, du mouvement,de la conscience corporelle et de la communication non verbale pour favoriser l\u2019int\u00e9grationpsychique, sociale et physique de l\u2019individu dans le but d\u2019am\u00e9liorer sa sant\u00e9 et son [&hellip;]\" \/>\n<meta property=\"og:url\" content=\"https:\/\/barcelone.centre-pensees.com\/en\/dance-movement-therapy\/\" \/>\n<meta property=\"og:site_name\" content=\"Psychologue Fran\u00e7ais \u00e0 Barcelone\" \/>\n<meta property=\"article:modified_time\" content=\"2026-01-06T14:26:26+00:00\" \/>\n<meta name=\"twitter:card\" content=\"summary_large_image\" \/>\n<meta name=\"twitter:label1\" content=\"Est. reading time\" \/>\n\t<meta name=\"twitter:data1\" content=\"1 minute\" \/>\n<script type=\"application\/ld+json\" class=\"yoast-schema-graph\">{\"@context\":\"https:\\\/\\\/schema.org\",\"@graph\":[{\"@type\":\"WebPage\",\"@id\":\"https:\\\/\\\/barcelone.centre-pensees.com\\\/danse-mouvement-therapie\\\/\",\"url\":\"https:\\\/\\\/barcelone.centre-pensees.com\\\/danse-mouvement-therapie\\\/\",\"name\":\"Danse Mouvement Th\u00e9rapie | Psychologue Fran\u00e7ais \u00e0 Barcelone\",\"isPartOf\":{\"@id\":\"https:\\\/\\\/barcelone.centre-pensees.com\\\/#website\"},\"datePublished\":\"2026-01-06T14:16:17+00:00\",\"dateModified\":\"2026-01-06T14:26:26+00:00\",\"breadcrumb\":{\"@id\":\"https:\\\/\\\/barcelone.centre-pensees.com\\\/danse-mouvement-therapie\\\/#breadcrumb\"},\"inLanguage\":\"en-US\",\"potentialAction\":[{\"@type\":\"ReadAction\",\"target\":[\"https:\\\/\\\/barcelone.centre-pensees.com\\\/danse-mouvement-therapie\\\/\"]}]},{\"@type\":\"BreadcrumbList\",\"@id\":\"https:\\\/\\\/barcelone.centre-pensees.com\\\/danse-mouvement-therapie\\\/#breadcrumb\",\"itemListElement\":[{\"@type\":\"ListItem\",\"position\":1,\"name\":\"Accueil\",\"item\":\"https:\\\/\\\/barcelone.centre-pensees.com\\\/\"},{\"@type\":\"ListItem\",\"position\":2,\"name\":\"Danse Mouvement Th\u00e9rapie\"}]},{\"@type\":\"WebSite\",\"@id\":\"https:\\\/\\\/barcelone.centre-pensees.com\\\/#website\",\"url\":\"https:\\\/\\\/barcelone.centre-pensees.com\\\/\",\"name\":\"Psychologue Fran\u00e7ais \u00e0 Barcelone\",\"description\":\"Centre de psychoth\u00e9rapie \u00e0 Barcelone\",\"publisher\":{\"@id\":\"https:\\\/\\\/barcelone.centre-pensees.com\\\/#organization\"},\"potentialAction\":[{\"@type\":\"SearchAction\",\"target\":{\"@type\":\"EntryPoint\",\"urlTemplate\":\"https:\\\/\\\/barcelone.centre-pensees.com\\\/?s={search_term_string}\"},\"query-input\":{\"@type\":\"PropertyValueSpecification\",\"valueRequired\":true,\"valueName\":\"search_term_string\"}}],\"inLanguage\":\"en-US\"},{\"@type\":\"Organization\",\"@id\":\"https:\\\/\\\/barcelone.centre-pensees.com\\\/#organization\",\"name\":\"Centre Pens\u00e9es\",\"url\":\"https:\\\/\\\/barcelone.centre-pensees.com\\\/\",\"logo\":{\"@type\":\"ImageObject\",\"inLanguage\":\"en-US\",\"@id\":\"https:\\\/\\\/barcelone.centre-pensees.com\\\/#\\\/schema\\\/logo\\\/image\\\/\",\"url\":\"https:\\\/\\\/barcelone.centre-pensees.com\\\/wp-content\\\/uploads\\\/2022\\\/03\\\/nobg-pensees-logo-bleu.png\",\"contentUrl\":\"https:\\\/\\\/barcelone.centre-pensees.com\\\/wp-content\\\/uploads\\\/2022\\\/03\\\/nobg-pensees-logo-bleu.png\",\"width\":608,\"height\":545,\"caption\":\"Centre Pens\u00e9es\"},\"image\":{\"@id\":\"https:\\\/\\\/barcelone.centre-pensees.com\\\/#\\\/schema\\\/logo\\\/image\\\/\"}}]}<\/script>\n<!-- \/ Yoast SEO plugin. -->","yoast_head_json":{"title":"Dance Movement Therapy | French Psychologist in Barcelona","robots":{"index":"index","follow":"follow","max-snippet":"max-snippet:-1","max-image-preview":"max-image-preview:large","max-video-preview":"max-video-preview:-1"},"canonical":"https:\/\/barcelone.centre-pensees.com\/en\/dance-movement-therapy\/","og_locale":"en_US","og_type":"article","og_title":"Danse Mouvement Th\u00e9rapie | Psychologue Fran\u00e7ais \u00e0 Barcelone","og_description":"Centre Pens\u00e9es - Centre fran\u00e7ais de th\u00e9rapie \u00e0 Barcelone Danse Mouvement Th\u00e9rapieQu\u2019est-ce que la Danse Mouvement Th\u00e9rapie ? La Danse Mouvement Th\u00e9rapie est l\u2019utilisation th\u00e9rapeutique de la danse, du mouvement,de la conscience corporelle et de la communication non verbale pour favoriser l\u2019int\u00e9grationpsychique, sociale et physique de l\u2019individu dans le but d\u2019am\u00e9liorer sa sant\u00e9 et son [&hellip;]","og_url":"https:\/\/barcelone.centre-pensees.com\/en\/dance-movement-therapy\/","og_site_name":"Psychologue Fran\u00e7ais \u00e0 Barcelone","article_modified_time":"2026-01-06T14:26:26+00:00","twitter_card":"summary_large_image","twitter_misc":{"Est. reading time":"1 minute"},"schema":{"@context":"https:\/\/schema.org","@graph":[{"@type":"WebPage","@id":"https:\/\/barcelone.centre-pensees.com\/danse-mouvement-therapie\/","url":"https:\/\/barcelone.centre-pensees.com\/danse-mouvement-therapie\/","name":"Dance Movement Therapy | French Psychologist in Barcelona","isPartOf":{"@id":"https:\/\/barcelone.centre-pensees.com\/#website"},"datePublished":"2026-01-06T14:16:17+00:00","dateModified":"2026-01-06T14:26:26+00:00","breadcrumb":{"@id":"https:\/\/barcelone.centre-pensees.com\/danse-mouvement-therapie\/#breadcrumb"},"inLanguage":"en-US","potentialAction":[{"@type":"ReadAction","target":["https:\/\/barcelone.centre-pensees.com\/danse-mouvement-therapie\/"]}]},{"@type":"BreadcrumbList","@id":"https:\/\/barcelone.centre-pensees.com\/danse-mouvement-therapie\/#breadcrumb","itemListElement":[{"@type":"ListItem","position":1,"name":"Accueil","item":"https:\/\/barcelone.centre-pensees.com\/"},{"@type":"ListItem","position":2,"name":"Danse Mouvement Th\u00e9rapie"}]},{"@type":"WebSite","@id":"https:\/\/barcelone.centre-pensees.com\/#website","url":"https:\/\/barcelone.centre-pensees.com\/","name":"French psychologist in Barcelona","description":"Psychotherapy center in Barcelona","publisher":{"@id":"https:\/\/barcelone.centre-pensees.com\/#organization"},"potentialAction":[{"@type":"SearchAction","target":{"@type":"EntryPoint","urlTemplate":"https:\/\/barcelone.centre-pensees.com\/?s={search_term_string}"},"query-input":{"@type":"PropertyValueSpecification","valueRequired":true,"valueName":"search_term_string"}}],"inLanguage":"en-US"},{"@type":"Organization","@id":"https:\/\/barcelone.centre-pensees.com\/#organization","name":"Center Pens\u00e9es","url":"https:\/\/barcelone.centre-pensees.com\/","logo":{"@type":"ImageObject","inLanguage":"en-US","@id":"https:\/\/barcelone.centre-pensees.com\/#\/schema\/logo\/image\/","url":"https:\/\/barcelone.centre-pensees.com\/wp-content\/uploads\/2022\/03\/nobg-pensees-logo-bleu.png","contentUrl":"https:\/\/barcelone.centre-pensees.com\/wp-content\/uploads\/2022\/03\/nobg-pensees-logo-bleu.png","width":608,"height":545,"caption":"Centre Pens\u00e9es"},"image":{"@id":"https:\/\/barcelone.centre-pensees.com\/#\/schema\/logo\/image\/"}}]}},"_links":{"self":[{"href":"https:\/\/barcelone.centre-pensees.com\/en\/wp-json\/wp\/v2\/pages\/8168","targetHints":{"allow":["GET"]}}],"collection":[{"href":"https:\/\/barcelone.centre-pensees.com\/en\/wp-json\/wp\/v2\/pages"}],"about":[{"href":"https:\/\/barcelone.centre-pensees.com\/en\/wp-json\/wp\/v2\/types\/page"}],"author":[{"embeddable":true,"href":"https:\/\/barcelone.centre-pensees.com\/en\/wp-json\/wp\/v2\/users\/2"}],"replies":[{"embeddable":true,"href":"https:\/\/barcelone.centre-pensees.com\/en\/wp-json\/wp\/v2\/comments?post=8168"}],"version-history":[{"count":5,"href":"https:\/\/barcelone.centre-pensees.com\/en\/wp-json\/wp\/v2\/pages\/8168\/revisions"}],"predecessor-version":[{"id":8184,"href":"https:\/\/barcelone.centre-pensees.com\/en\/wp-json\/wp\/v2\/pages\/8168\/revisions\/8184"}],"wp:attachment":[{"href":"https:\/\/barcelone.centre-pensees.com\/en\/wp-json\/wp\/v2\/media?parent=8168"}],"curies":[{"name":"wp","href":"https:\/\/api.w.org\/{rel}","templated":true}]}}